{"id":2902,"date":"2023-11-14T19:23:50","date_gmt":"2023-11-14T22:23:50","guid":{"rendered":"https:\/\/mnsolutions.co\/?page_id=2902"},"modified":"2024-02-19T22:53:31","modified_gmt":"2024-02-20T01:53:31","slug":"urban-realm","status":"publish","type":"page","link":"https:\/\/mnsolutions.co\/pt\/urban-realm\/","title":{"rendered":"Urban realm &#038; developments"},"content":{"rendered":"<div data-elementor-type=\"wp-page\" data-elementor-id=\"2902\" class=\"elementor elementor-2902\">\n\t\t\t\t<div class=\"elementor-element elementor-element-69d4914d e-con-full e-flex e-con e-parent\" data-id=\"69d4914d\" data-element_type=\"container\" data-settings=\"{&quot;background_background&quot;:&quot;classic&quot;}\">\n\t\t<div class=\"elementor-element elementor-element-5328c6b4 e-flex e-con-boxed e-con e-child\" data-id=\"5328c6b4\" data-element_type=\"container\">\n\t\t\t\t\t<div class=\"e-con-inner\">\n\t\t\t\t<div class=\"elementor-element elementor-element-1ca4fe10 elementor-widget-mobile__width-initial elementor-widget__width-initial elementor-widget elementor-widget-image\" data-id=\"1ca4fe10\" data-element_type=\"widget\" data-widget_type=\"image.default\">\n\t\t\t\t<div class=\"elementor-widget-container\">\n\t\t\t\t\t\t\t\t\t\t\t\t\t<img fetchpriority=\"high\" decoding=\"async\" width=\"768\" height=\"355\" src=\"https:\/\/mnsolutions.co\/wp-content\/uploads\/2023\/10\/Logo_white1-768x355.png\" class=\"attachment-medium_large size-medium_large wp-image-882\" alt=\"MNSolutions Logo - white\" srcset=\"https:\/\/mnsolutions.co\/wp-content\/uploads\/2023\/10\/Logo_white1-768x355.png 768w, https:\/\/mnsolutions.co\/wp-content\/uploads\/2023\/10\/Logo_white1-e1698533407692.png 300w, https:\/\/mnsolutions.co\/wp-content\/uploads\/2023\/10\/Logo_white1-1024x474.png 1024w, https:\/\/mnsolutions.co\/wp-content\/uploads\/2023\/10\/Logo_white1-1536x710.png 1536w, https:\/\/mnsolutions.co\/wp-content\/uploads\/2023\/10\/Logo_white1-2048x947.png 2048w\" sizes=\"(max-width: 768px) 100vw, 768px\" \/>\t\t\t\t\t\t\t\t\t\t\t\t\t<\/div>\n\t\t\t\t<\/div>\n\t\t\t\t<div class=\"elementor-element elementor-element-f32ba8 elementor-widget elementor-widget-heading\" data-id=\"f32ba8\" data-element_type=\"widget\" data-widget_type=\"heading.default\">\n\t\t\t\t<div class=\"elementor-widget-container\">\n\t\t\t<h1 class=\"elementor-heading-title elementor-size-default\">Espa\u00e7os p\u00fablicos &amp; Empreendimentos<\/h1>\t\t<\/div>\n\t\t\t\t<\/div>\n\t\t\t\t<div class=\"elementor-element elementor-element-172f437 elementor-widget__width-initial elementor-widget elementor-widget-text-editor\" data-id=\"172f437\" data-element_type=\"widget\" data-widget_type=\"text-editor.default\">\n\t\t\t\t<div class=\"elementor-widget-container\">\n\t\t\t\t\t\t\t<p><strong>Ajudando projetistas, operadores e propriet\u00e1rios a planejar para pessoas<\/strong><\/p>\t\t\t\t\t\t<\/div>\n\t\t\t\t<\/div>\n\t\t\t\t\t<\/div>\n\t\t\t\t<\/div>\n\t\t\t\t<\/div>\n\t\t<div class=\"elementor-element elementor-element-43157c4e e-con-full e-flex e-con e-parent\" data-id=\"43157c4e\" data-element_type=\"container\">\n\t\t\t\t<div class=\"elementor-element elementor-element-25a4a754 elementor-widget__width-initial elementor-widget elementor-widget-heading\" data-id=\"25a4a754\" data-element_type=\"widget\" data-widget_type=\"heading.default\">\n\t\t\t\t<div class=\"elementor-widget-container\">\n\t\t\t<h2 class=\"elementor-heading-title elementor-size-default\">As nossas cidades e centros urbanos est\u00e3o em constante evolu\u00e7\u00e3o e crescimento, tal como as expectativas das pessoas que os utilizam. <\/h2>\t\t<\/div>\n\t\t\t\t<\/div>\n\t\t<div class=\"elementor-element elementor-element-a0b282f e-con-full e-flex e-con e-child\" data-id=\"a0b282f\" data-element_type=\"container\">\n\t\t\t\t<div class=\"elementor-element elementor-element-57276cfb elementor-widget__width-initial elementor-widget elementor-widget-text-editor\" data-id=\"57276cfb\" data-element_type=\"widget\" data-widget_type=\"text-editor.default\">\n\t\t\t\t<div class=\"elementor-widget-container\">\n\t\t\t\t\t\t\t<p>A facilidade de locomo\u00e7\u00e3o \u2013 como chegamos, nos movimentamos e partimos \u2013 \u00e9 um fator importante que influencia o local onde as pessoas escolhem viver, trabalhar e visitar, moldando, em \u00faltima an\u00e1lise, o sucesso de qualquer local.<\/p><p>No centro de um planejamento bem-sucedido de um empreendimento deve estar a considera\u00e7\u00e3o do ciclo de vida completo e das diversas necessidades dos seus futuros usu\u00e1rios. Maximizar as op\u00e7\u00f5es de mobilidade torna-se fundamental nas intrincadas paisagens urbanas de hoje. O estabelecimento de liga\u00e7\u00f5es seguras e confort\u00e1veis aos transportes p\u00fablicos melhora significativamente a acessibilidade para todos, promovendo um ambiente prop\u00edcio \u00e0 caminhada, ao ciclismo e \u00e0 utiliza\u00e7\u00e3o bem integrada de ve\u00edculos privados.<\/p><p>Com base numa grande experi\u00eancia de colabora\u00e7\u00e3o em diversos projetos, o conhecimento da MNSolutions reside n\u00e3o apenas nos sistemas de transporte, mas tamb\u00e9m na compreens\u00e3o da locomo\u00e7\u00e3o das pessoas.\u00a0<\/p>\t\t\t\t\t\t<\/div>\n\t\t\t\t<\/div>\n\t\t<div class=\"elementor-element elementor-element-5b7a07f4 e-con-full e-flex e-con e-child\" data-id=\"5b7a07f4\" data-element_type=\"container\">\n\t\t\t\t<div class=\"elementor-element elementor-element-f9ee151 elementor-widget elementor-widget-text-editor\" data-id=\"f9ee151\" data-element_type=\"widget\" data-widget_type=\"text-editor.default\">\n\t\t\t\t<div class=\"elementor-widget-container\">\n\t\t\t\t\t\t\t<p><span style=\"font-style: inherit; font-weight: inherit; background-color: var( --e-global-color-secondary ); color: var(--ast-global-color-5);\">Esta abordagem hol\u00edstica nos permite compreender as complexas necessidades de mobilidade de todos os usu\u00e1rios do seu projeto.<\/span><\/p>\t\t\t\t\t\t<\/div>\n\t\t\t\t<\/div>\n\t\t\t\t<div class=\"elementor-element elementor-element-2113b6e elementor-widget elementor-widget-image\" data-id=\"2113b6e\" data-element_type=\"widget\" data-widget_type=\"image.default\">\n\t\t\t\t<div class=\"elementor-widget-container\">\n\t\t\t\t\t\t\t\t\t\t\t\t\t<img decoding=\"async\" width=\"960\" height=\"540\" src=\"https:\/\/mnsolutions.co\/wp-content\/uploads\/2023\/11\/Lima3a.jpg\" class=\"attachment-large size-large wp-image-3359\" alt=\"Traffic calming - Lima\" srcset=\"https:\/\/mnsolutions.co\/wp-content\/uploads\/2023\/11\/Lima3a.jpg 960w, https:\/\/mnsolutions.co\/wp-content\/uploads\/2023\/11\/Lima3a-300x169.jpg 300w, https:\/\/mnsolutions.co\/wp-content\/uploads\/2023\/11\/Lima3a-768x432.jpg 768w\" sizes=\"(max-width: 960px) 100vw, 960px\" \/>\t\t\t\t\t\t\t\t\t\t\t\t\t<\/div>\n\t\t\t\t<\/div>\n\t\t\t\t<\/div>\n\t\t\t\t<\/div>\n\t\t\t\t<\/div>\n\t\t<div class=\"elementor-element elementor-element-793974aa e-con-full e-flex e-con e-parent\" data-id=\"793974aa\" data-element_type=\"container\" id=\"H_Services\">\n\t\t<div class=\"elementor-element elementor-element-4bc1ef37 e-flex e-con-boxed e-con e-child\" data-id=\"4bc1ef37\" data-element_type=\"container\">\n\t\t\t\t\t<div class=\"e-con-inner\">\n\t\t\t\t<div class=\"elementor-element elementor-element-245e47d3 elementor-widget__width-initial elementor-widget elementor-widget-image\" data-id=\"245e47d3\" data-element_type=\"widget\" data-widget_type=\"image.default\">\n\t\t\t\t<div class=\"elementor-widget-container\">\n\t\t\t\t\t\t\t\t\t\t\t\t\t<img decoding=\"async\" width=\"300\" height=\"139\" src=\"https:\/\/mnsolutions.co\/wp-content\/uploads\/2023\/10\/Logo_white1-300x139.png\" class=\"attachment-medium size-medium wp-image-882\" alt=\"MNSolutions Logo - white\" srcset=\"https:\/\/mnsolutions.co\/wp-content\/uploads\/2023\/10\/Logo_white1-e1698533407692.png 300w, https:\/\/mnsolutions.co\/wp-content\/uploads\/2023\/10\/Logo_white1-1024x474.png 1024w, https:\/\/mnsolutions.co\/wp-content\/uploads\/2023\/10\/Logo_white1-768x355.png 768w, https:\/\/mnsolutions.co\/wp-content\/uploads\/2023\/10\/Logo_white1-1536x710.png 1536w, https:\/\/mnsolutions.co\/wp-content\/uploads\/2023\/10\/Logo_white1-2048x947.png 2048w\" sizes=\"(max-width: 300px) 100vw, 300px\" \/>\t\t\t\t\t\t\t\t\t\t\t\t\t<\/div>\n\t\t\t\t<\/div>\n\t\t\t\t<div class=\"elementor-element elementor-element-1674a12c elementor-widget elementor-widget-heading\" data-id=\"1674a12c\" data-element_type=\"widget\" data-widget_type=\"heading.default\">\n\t\t\t\t<div class=\"elementor-widget-container\">\n\t\t\t<h2 class=\"elementor-heading-title elementor-size-default\">Como a MNSolutions pode ajudar<\/h2>\t\t<\/div>\n\t\t\t\t<\/div>\n\t\t\t\t\t<\/div>\n\t\t\t\t<\/div>\n\t\t<div class=\"elementor-element elementor-element-710b2ae4 e-flex e-con-boxed e-con e-child\" data-id=\"710b2ae4\" data-element_type=\"container\">\n\t\t\t\t\t<div class=\"e-con-inner\">\n\t\t<div class=\"elementor-element elementor-element-6decf9d e-con-full e-flex e-con e-child\" data-id=\"6decf9d\" data-element_type=\"container\">\n\t\t\t\t<div class=\"elementor-element elementor-element-5676a935 elementor-widget__width-initial elementor-widget elementor-widget-text-editor\" data-id=\"5676a935\" data-element_type=\"widget\" data-widget_type=\"text-editor.default\">\n\t\t\t\t<div class=\"elementor-widget-container\">\n\t\t\t\t\t\t\t<p>Independentemente da fase de planejamento ou tipo de projeto, podemos ajud\u00e1-lo a compreender as necessidades de mobilidade do seu projeto, como identificar oportunidades e como maximizar o seu potencial.<\/p>\t\t\t\t\t\t<\/div>\n\t\t\t\t<\/div>\n\t\t\t\t<div class=\"elementor-element elementor-element-cc5e654 elementor-widget elementor-widget-image\" data-id=\"cc5e654\" data-element_type=\"widget\" data-widget_type=\"image.default\">\n\t\t\t\t<div class=\"elementor-widget-container\">\n\t\t\t\t\t\t\t\t\t\t\t\t\t<img loading=\"lazy\" decoding=\"async\" width=\"768\" height=\"432\" src=\"https:\/\/mnsolutions.co\/wp-content\/uploads\/2023\/11\/rBike-1-768x432.jpeg\" class=\"attachment-medium_large size-medium_large wp-image-3367\" alt=\"Bike lane S\u00e3o Paulo\" srcset=\"https:\/\/mnsolutions.co\/wp-content\/uploads\/2023\/11\/rBike-1-768x432.jpeg 768w, https:\/\/mnsolutions.co\/wp-content\/uploads\/2023\/11\/rBike-1-300x169.jpeg 300w, https:\/\/mnsolutions.co\/wp-content\/uploads\/2023\/11\/rBike-1-1024x576.jpeg 1024w, https:\/\/mnsolutions.co\/wp-content\/uploads\/2023\/11\/rBike-1.jpeg 1080w\" sizes=\"(max-width: 768px) 100vw, 768px\" \/>\t\t\t\t\t\t\t\t\t\t\t\t\t<\/div>\n\t\t\t\t<\/div>\n\t\t\t\t<\/div>\n\t\t<div class=\"elementor-element elementor-element-121558e0 e-flex e-con-boxed e-con e-child\" data-id=\"121558e0\" data-element_type=\"container\">\n\t\t\t\t\t<div class=\"e-con-inner\">\n\t\t\t\t<div class=\"elementor-element elementor-element-c72c503 elementor-widget__width-initial elementor-widget elementor-widget-text-editor\" data-id=\"c72c503\" data-element_type=\"widget\" data-widget_type=\"text-editor.default\">\n\t\t\t\t<div class=\"elementor-widget-container\">\n\t\t\t\t\t\t\t<p><strong>MNSolutions<\/strong> pode apoiar sua equipe em diversas \u00e1reas de planejamento de mobilidade, incluindo como voc\u00ea aborda quest\u00f5es como:<\/p>\t\t\t\t\t\t<\/div>\n\t\t\t\t<\/div>\n\t\t\t\t<div class=\"elementor-element elementor-element-a1ad04d elementor-widget elementor-widget-text-editor\" data-id=\"a1ad04d\" data-element_type=\"widget\" data-widget_type=\"text-editor.default\">\n\t\t\t\t<div class=\"elementor-widget-container\">\n\t\t\t\t\t\t\t<ul><li>Como as pessoas se locomovem para, de e ao redor do projeto?<\/li><li>Como garantir que todos os usu\u00e1rios possam ter seguran\u00e7a, conforto e utilizem o seu meio de transporte preferido?<\/li><li>Quais s\u00e3o os desafios e as oportunidades de mobilidade?<\/li><li>Como maximizar as oportunidades, por exemplo, em rela\u00e7\u00e3o ao transporte p\u00fablico existente no entorno do local?<\/li><li>Como equilibrar as diferentes demandas ao longo do dia, otimizando a infraestrutura dispon\u00edvel?<\/li><li>Como assegurar um desenvolvimento sustent\u00e1vel e agrad\u00e1vel ao qual as pessoas queiram voltar?<\/li><li>Como ajudar a incentivar os usu\u00e1rios a adotar meios de transporte p\u00fablicos, renov\u00e1veis \u200b\u200bou de baixo impacto?<\/li><li>Como promover a revitaliza\u00e7\u00e3o de \u00e1reas subutilizadas?<\/li><\/ul>\t\t\t\t\t\t<\/div>\n\t\t\t\t<\/div>\n\t\t\t\t\t<\/div>\n\t\t\t\t<\/div>\n\t\t\t\t\t<\/div>\n\t\t\t\t<\/div>\n\t\t<div class=\"elementor-element elementor-element-0244348 e-flex e-con-boxed e-con e-child\" data-id=\"0244348\" data-element_type=\"container\">\n\t\t\t\t\t<div class=\"e-con-inner\">\n\t\t\t\t<div class=\"elementor-element elementor-element-20f8a36 elementor-widget__width-initial elementor-widget-tablet__width-initial elementor-widget elementor-widget-text-editor\" data-id=\"20f8a36\" data-element_type=\"widget\" data-widget_type=\"text-editor.default\">\n\t\t\t\t<div class=\"elementor-widget-container\">\n\t\t\t\t\t\t\t<p style=\"text-align: center;\"><span style=\"color: #ffff00;\">Entre em contato para descobrir como podemos apoi\u00e1-lo em seus projetos de desenvolvimento e planejamento urbano<\/span><\/p>\t\t\t\t\t\t<\/div>\n\t\t\t\t<\/div>\n\t\t\t\t<div class=\"elementor-element elementor-element-1051b26 elementor-align-right elementor-widget elementor-widget-button\" data-id=\"1051b26\" data-element_type=\"widget\" data-widget_type=\"button.default\">\n\t\t\t\t<div class=\"elementor-widget-container\">\n\t\t\t\t\t<div class=\"elementor-button-wrapper\">\n\t\t\t<a class=\"elementor-button elementor-button-link elementor-size-sm\" href=\"https:\/\/mnsolutions.co\/pt\/contact\/\" id=\"my-contact\">\n\t\t\t\t\t\t<span class=\"elementor-button-content-wrapper\">\n\t\t\t\t\t\t\t\t\t<span class=\"elementor-button-text\">Contato<\/span>\n\t\t\t\t\t<\/span>\n\t\t\t\t\t<\/a>\n\t\t<\/div>\n\t\t\t\t<\/div>\n\t\t\t\t<\/div>\n\t\t\t\t\t<\/div>\n\t\t\t\t<\/div>\n\t\t\t\t<\/div>\n\t\t<div class=\"elementor-element elementor-element-3dfddfa e-con-full e-flex e-con e-parent\" data-id=\"3dfddfa\" data-element_type=\"container\">\n\t\t<div class=\"elementor-element elementor-element-352ee740 e-con-full e-flex e-con e-child\" data-id=\"352ee740\" data-element_type=\"container\">\n\t\t\t\t<div class=\"elementor-element elementor-element-6c167df5 elementor-widget__width-initial elementor-widget elementor-widget-image\" data-id=\"6c167df5\" data-element_type=\"widget\" data-widget_type=\"image.default\">\n\t\t\t\t<div class=\"elementor-widget-container\">\n\t\t\t\t\t\t\t\t\t\t\t\t\t<img decoding=\"async\" width=\"300\" height=\"139\" src=\"https:\/\/mnsolutions.co\/wp-content\/uploads\/2023\/10\/Logo_white1-300x139.png\" class=\"attachment-medium size-medium wp-image-882\" alt=\"MNSolutions Logo - white\" srcset=\"https:\/\/mnsolutions.co\/wp-content\/uploads\/2023\/10\/Logo_white1-e1698533407692.png 300w, https:\/\/mnsolutions.co\/wp-content\/uploads\/2023\/10\/Logo_white1-1024x474.png 1024w, https:\/\/mnsolutions.co\/wp-content\/uploads\/2023\/10\/Logo_white1-768x355.png 768w, https:\/\/mnsolutions.co\/wp-content\/uploads\/2023\/10\/Logo_white1-1536x710.png 1536w, https:\/\/mnsolutions.co\/wp-content\/uploads\/2023\/10\/Logo_white1-2048x947.png 2048w\" sizes=\"(max-width: 300px) 100vw, 300px\" \/>\t\t\t\t\t\t\t\t\t\t\t\t\t<\/div>\n\t\t\t\t<\/div>\n\t\t\t\t<div class=\"elementor-element elementor-element-60343b8e elementor-widget elementor-widget-heading\" data-id=\"60343b8e\" data-element_type=\"widget\" data-widget_type=\"heading.default\">\n\t\t\t\t<div class=\"elementor-widget-container\">\n\t\t\t<h2 class=\"elementor-heading-title elementor-size-default\">Experi\u00eancia<\/h2>\t\t<\/div>\n\t\t\t\t<\/div>\n\t\t\t\t<\/div>\n\t\t<div class=\"elementor-element elementor-element-7abb61fd e-flex e-con-boxed e-con e-child\" data-id=\"7abb61fd\" data-element_type=\"container\">\n\t\t\t\t\t<div class=\"e-con-inner\">\n\t\t\t\t<div class=\"elementor-element elementor-element-2d58d4d4 elementor-widget__width-initial elementor-widget elementor-widget-text-editor\" data-id=\"2d58d4d4\" data-element_type=\"widget\" data-widget_type=\"text-editor.default\">\n\t\t\t\t<div class=\"elementor-widget-container\">\n\t\t\t\t\t\t\t<p>Experi\u00eancia adquirida em mais de 30 anos apoiando clientes em empreendimentos de uso misto e projetos de planejamento urbano no mundo tudo, incluindo:<\/p>\t\t\t\t\t\t<\/div>\n\t\t\t\t<\/div>\n\t\t<div class=\"elementor-element elementor-element-4a7f940b e-con-full e-flex e-con e-child\" data-id=\"4a7f940b\" data-element_type=\"container\">\n\t\t<div class=\"elementor-element elementor-element-2afe3999 e-con-full e-flex e-con e-child\" data-id=\"2afe3999\" data-element_type=\"container\" data-settings=\"{&quot;background_background&quot;:&quot;classic&quot;}\">\n\t\t\t\t<div class=\"elementor-element elementor-element-632254b elementor-widget elementor-widget-text-editor\" data-id=\"632254b\" data-element_type=\"widget\" data-widget_type=\"text-editor.default\">\n\t\t\t\t<div class=\"elementor-widget-container\">\n\t\t\t\t\t\t\t<p><strong>Wood Wharf<br \/><\/strong>2008-2010<\/p>\t\t\t\t\t\t<\/div>\n\t\t\t\t<\/div>\n\t\t\t\t<\/div>\n\t\t<div class=\"elementor-element elementor-element-4fd08d72 e-con-full e-flex e-con e-child\" data-id=\"4fd08d72\" data-element_type=\"container\" data-settings=\"{&quot;background_background&quot;:&quot;classic&quot;}\">\n\t\t\t\t<div class=\"elementor-element elementor-element-74a3734 elementor-widget elementor-widget-text-editor\" data-id=\"74a3734\" data-element_type=\"widget\" data-widget_type=\"text-editor.default\">\n\t\t\t\t<div class=\"elementor-widget-container\">\n\t\t\t\t\t\t\t<p><strong>Porto Maravilha<br \/><\/strong>2014-2015<\/p>\t\t\t\t\t\t<\/div>\n\t\t\t\t<\/div>\n\t\t\t\t<\/div>\n\t\t<div class=\"elementor-element elementor-element-3930f227 e-con-full e-flex e-con e-child\" data-id=\"3930f227\" data-element_type=\"container\" data-settings=\"{&quot;background_background&quot;:&quot;classic&quot;}\">\n\t\t\t\t<div class=\"elementor-element elementor-element-d4d60d1 elementor-widget elementor-widget-text-editor\" data-id=\"d4d60d1\" data-element_type=\"widget\" data-widget_type=\"text-editor.default\">\n\t\t\t\t<div class=\"elementor-widget-container\">\n\t\t\t\t\t\t\t<p><strong>Nova Victoria SE1<br \/><\/strong>2006-2009<\/p>\t\t\t\t\t\t<\/div>\n\t\t\t\t<\/div>\n\t\t\t\t<\/div>\n\t\t<div class=\"elementor-element elementor-element-1fcc42cc e-con-full e-flex e-con e-child\" data-id=\"1fcc42cc\" data-element_type=\"container\" data-settings=\"{&quot;background_background&quot;:&quot;classic&quot;}\">\n\t\t\t\t<div class=\"elementor-element elementor-element-c8f1464 elementor-widget elementor-widget-text-editor\" data-id=\"c8f1464\" data-element_type=\"widget\" data-widget_type=\"text-editor.default\">\n\t\t\t\t<div class=\"elementor-widget-container\">\n\t\t\t\t\t\t\t<p><strong>Cidade da Copa<br \/><\/strong>2011-2012<\/p>\t\t\t\t\t\t<\/div>\n\t\t\t\t<\/div>\n\t\t\t\t<\/div>\n\t\t<div class=\"elementor-element elementor-element-622714d9 e-con-full e-flex e-con e-child\" data-id=\"622714d9\" data-element_type=\"container\" data-settings=\"{&quot;background_background&quot;:&quot;classic&quot;}\">\n\t\t\t\t<div class=\"elementor-element elementor-element-22907c6 elementor-widget elementor-widget-text-editor\" data-id=\"22907c6\" data-element_type=\"widget\" data-widget_type=\"text-editor.default\">\n\t\t\t\t<div class=\"elementor-widget-container\">\n\t\t\t\t\t\t\t<p><strong>One New Change<br \/><\/strong>2004-2006<\/p>\t\t\t\t\t\t<\/div>\n\t\t\t\t<\/div>\n\t\t\t\t<\/div>\n\t\t<div class=\"elementor-element elementor-element-4e8931b5 e-con-full e-flex e-con e-child\" data-id=\"4e8931b5\" data-element_type=\"container\" data-settings=\"{&quot;background_background&quot;:&quot;classic&quot;}\">\n\t\t\t\t<div class=\"elementor-element elementor-element-fb0d5fd elementor-widget elementor-widget-text-editor\" data-id=\"fb0d5fd\" data-element_type=\"widget\" data-widget_type=\"text-editor.default\">\n\t\t\t\t<div class=\"elementor-widget-container\">\n\t\t\t\t\t\t\t<p><strong>Canary Wharf<br \/><\/strong>2002-2010<\/p>\t\t\t\t\t\t<\/div>\n\t\t\t\t<\/div>\n\t\t\t\t<\/div>\n\t\t\t\t<\/div>\n\t\t\t\t\t<\/div>\n\t\t\t\t<\/div>\n\t\t\t\t<\/div>\n\t\t\t\t<\/div>","protected":false},"excerpt":{"rendered":"<p>Urban realm &amp; developments Helping designers, operators and owners plan for people Our cities and urban centres are forever evolving and growing, as too are the expectations of the people who use them. Ease of movement \u2013 how we arrive, use and leave \u2013 is a major factor influencing where people choose to live, work [&hellip;]<\/p>","protected":false},"author":1,"featured_media":0,"parent":0,"menu_order":3,"comment_status":"closed","ping_status":"closed","template":"","meta":{"site-sidebar-layout":"no-sidebar","site-content-layout":"page-builder","ast-site-content-layout":"full-width-container","site-content-style":"default","site-sidebar-style":"default","ast-global-header-display":"","ast-banner-title-visibility":"","ast-main-header-display":"","ast-hfb-above-header-display":"","ast-hfb-below-header-display":"","ast-hfb-mobile-header-display":"","site-post-title":"disabled","ast-breadcrumbs-content":"","ast-featured-img":"disabled","footer-sml-layout":"","theme-transparent-header-meta":"","adv-header-id-meta":"","stick-header-meta":"","header-above-stick-meta":"","header-main-stick-meta":"","header-below-stick-meta":"","astra-migrate-meta-layouts":"set","ast-page-background-enabled":"default","ast-page-background-meta":{"desktop":{"background-color":"","background-image":"","background-repeat":"repeat","background-position":"center center","background-size":"auto","background-attachment":"scroll","background-type":"","background-media":"","overlay-type":"","overlay-color":"","overlay-gradient":""},"tablet":{"background-color":"","background-image":"","background-repeat":"repeat","background-position":"center center","background-size":"auto","background-attachment":"scroll","background-type":"","background-media":"","overlay-type":"","overlay-color":"","overlay-gradient":""},"mobile":{"background-color":"","background-image":"","background-repeat":"repeat","background-position":"center center","background-size":"auto","background-attachment":"scroll","background-type":"","background-media":"","overlay-type":"","overlay-color":"","overlay-gradient":""}},"ast-content-background-meta":{"desktop":{"background-color":"var(--ast-global-color-5)","background-image":"","background-repeat":"repeat","background-position":"center center","background-size":"auto","background-attachment":"scroll","background-type":"","background-media":"","overlay-type":"","overlay-color":"","overlay-gradient":""},"tablet":{"background-color":"var(--ast-global-color-5)","background-image":"","background-repeat":"repeat","background-position":"center center","background-size":"auto","background-attachment":"scroll","background-type":"","background-media":"","overlay-type":"","overlay-color":"","overlay-gradient":""},"mobile":{"background-color":"var(--ast-global-color-5)","background-image":"","background-repeat":"repeat","background-position":"center center","background-size":"auto","background-attachment":"scroll","background-type":"","background-media":"","overlay-type":"","overlay-color":"","overlay-gradient":""}},"footnotes":""},"class_list":["post-2902","page","type-page","status-publish","hentry"],"_links":{"self":[{"href":"https:\/\/mnsolutions.co\/pt\/wp-json\/wp\/v2\/pages\/2902","targetHints":{"allow":["GET"]}}],"collection":[{"href":"https:\/\/mnsolutions.co\/pt\/wp-json\/wp\/v2\/pages"}],"about":[{"href":"https:\/\/mnsolutions.co\/pt\/wp-json\/wp\/v2\/types\/page"}],"author":[{"embeddable":true,"href":"https:\/\/mnsolutions.co\/pt\/wp-json\/wp\/v2\/users\/1"}],"replies":[{"embeddable":true,"href":"https:\/\/mnsolutions.co\/pt\/wp-json\/wp\/v2\/comments?post=2902"}],"version-history":[{"count":216,"href":"https:\/\/mnsolutions.co\/pt\/wp-json\/wp\/v2\/pages\/2902\/revisions"}],"predecessor-version":[{"id":5395,"href":"https:\/\/mnsolutions.co\/pt\/wp-json\/wp\/v2\/pages\/2902\/revisions\/5395"}],"wp:attachment":[{"href":"https:\/\/mnsolutions.co\/pt\/wp-json\/wp\/v2\/media?parent=2902"}],"curies":[{"name":"wp","href":"https:\/\/api.w.org\/{rel}","templated":true}]}}