{"id":2637,"date":"2023-11-14T11:41:05","date_gmt":"2023-11-14T14:41:05","guid":{"rendered":"https:\/\/mnsolutions.co\/?page_id=2637"},"modified":"2024-02-14T17:24:26","modified_gmt":"2024-02-14T20:24:26","slug":"about","status":"publish","type":"page","link":"https:\/\/mnsolutions.co\/pt\/about\/","title":{"rendered":"Sobre"},"content":{"rendered":"<div data-elementor-type=\"wp-page\" data-elementor-id=\"2637\" class=\"elementor elementor-2637\">\n\t\t\t\t<div class=\"elementor-element elementor-element-57d194cc e-con-full e-transform e-flex e-con e-parent\" data-id=\"57d194cc\" data-element_type=\"container\" data-settings=\"{&quot;background_background&quot;:&quot;classic&quot;,&quot;_transform_scale_effect&quot;:{&quot;unit&quot;:&quot;px&quot;,&quot;size&quot;:1,&quot;sizes&quot;:[]},&quot;_transform_scale_effect_tablet&quot;:{&quot;unit&quot;:&quot;px&quot;,&quot;size&quot;:&quot;&quot;,&quot;sizes&quot;:[]},&quot;_transform_scale_effect_mobile&quot;:{&quot;unit&quot;:&quot;px&quot;,&quot;size&quot;:&quot;&quot;,&quot;sizes&quot;:[]}}\">\n\t\t<div class=\"elementor-element elementor-element-602be73f e-flex e-con-boxed e-con e-child\" data-id=\"602be73f\" data-element_type=\"container\">\n\t\t\t\t\t<div class=\"e-con-inner\">\n\t\t\t\t<div class=\"elementor-element elementor-element-6ac05c7 elementor-widget-mobile__width-initial elementor-widget elementor-widget-image\" data-id=\"6ac05c7\" data-element_type=\"widget\" data-widget_type=\"image.default\">\n\t\t\t\t<div class=\"elementor-widget-container\">\n\t\t\t\t\t\t\t\t\t\t\t\t\t<img fetchpriority=\"high\" decoding=\"async\" width=\"768\" height=\"355\" src=\"https:\/\/mnsolutions.co\/wp-content\/uploads\/2023\/10\/Logo_white1-768x355.png\" class=\"attachment-medium_large size-medium_large wp-image-882\" alt=\"MNSolutions Logo - white\" srcset=\"https:\/\/mnsolutions.co\/wp-content\/uploads\/2023\/10\/Logo_white1-768x355.png 768w, https:\/\/mnsolutions.co\/wp-content\/uploads\/2023\/10\/Logo_white1-e1698533407692.png 300w, https:\/\/mnsolutions.co\/wp-content\/uploads\/2023\/10\/Logo_white1-1024x474.png 1024w, https:\/\/mnsolutions.co\/wp-content\/uploads\/2023\/10\/Logo_white1-1536x710.png 1536w, https:\/\/mnsolutions.co\/wp-content\/uploads\/2023\/10\/Logo_white1-2048x947.png 2048w\" sizes=\"(max-width: 768px) 100vw, 768px\" \/>\t\t\t\t\t\t\t\t\t\t\t\t\t<\/div>\n\t\t\t\t<\/div>\n\t\t\t\t<div class=\"elementor-element elementor-element-12116095 elementor-widget-mobile__width-initial elementor-widget elementor-widget-heading\" data-id=\"12116095\" data-element_type=\"widget\" data-widget_type=\"heading.default\">\n\t\t\t\t<div class=\"elementor-widget-container\">\n\t\t\t<h1 class=\"elementor-heading-title elementor-size-default\">Sobre MNSolutions<\/h1>\t\t<\/div>\n\t\t\t\t<\/div>\n\t\t\t\t\t<\/div>\n\t\t\t\t<\/div>\n\t\t\t\t<\/div>\n\t\t<section class=\"elementor-element elementor-element-202fef33 e-flex e-con-boxed e-con e-parent\" data-id=\"202fef33\" data-element_type=\"container\" id=\"H_About\">\n\t\t\t\t\t<div class=\"e-con-inner\">\n\t\t<div class=\"elementor-element elementor-element-778a2ad e-flex e-con-boxed e-con e-child\" data-id=\"778a2ad\" data-element_type=\"container\">\n\t\t\t\t\t<div class=\"e-con-inner\">\n\t\t<div class=\"elementor-element elementor-element-b8eea27 e-con-full e-flex e-con e-child\" data-id=\"b8eea27\" data-element_type=\"container\">\n\t\t<div class=\"elementor-element elementor-element-3d48c25 elementor-hidden-tablet elementor-hidden-mobile e-flex e-con-boxed e-con e-child\" data-id=\"3d48c25\" data-element_type=\"container\">\n\t\t\t\t\t<div class=\"e-con-inner\">\n\t\t\t\t<div class=\"elementor-element elementor-element-c7fe9e0 elementor-widget__width-initial elementor-widget elementor-widget-image\" data-id=\"c7fe9e0\" data-element_type=\"widget\" data-widget_type=\"image.default\">\n\t\t\t\t<div class=\"elementor-widget-container\">\n\t\t\t\t\t\t\t\t\t\t\t\t\t<img decoding=\"async\" width=\"300\" height=\"139\" src=\"https:\/\/mnsolutions.co\/wp-content\/uploads\/2023\/10\/Logo_white1-300x139.png\" class=\"attachment-medium size-medium wp-image-882\" alt=\"MNSolutions Logo - white\" srcset=\"https:\/\/mnsolutions.co\/wp-content\/uploads\/2023\/10\/Logo_white1-e1698533407692.png 300w, https:\/\/mnsolutions.co\/wp-content\/uploads\/2023\/10\/Logo_white1-1024x474.png 1024w, https:\/\/mnsolutions.co\/wp-content\/uploads\/2023\/10\/Logo_white1-768x355.png 768w, https:\/\/mnsolutions.co\/wp-content\/uploads\/2023\/10\/Logo_white1-1536x710.png 1536w, https:\/\/mnsolutions.co\/wp-content\/uploads\/2023\/10\/Logo_white1-2048x947.png 2048w\" sizes=\"(max-width: 300px) 100vw, 300px\" \/>\t\t\t\t\t\t\t\t\t\t\t\t\t<\/div>\n\t\t\t\t<\/div>\n\t\t\t\t<div class=\"elementor-element elementor-element-1cbb421 elementor-widget elementor-widget-heading\" data-id=\"1cbb421\" data-element_type=\"widget\" data-widget_type=\"heading.default\">\n\t\t\t\t<div class=\"elementor-widget-container\">\n\t\t\t<h2 class=\"elementor-heading-title elementor-size-default\">Sobre MNSolutions<\/h2>\t\t<\/div>\n\t\t\t\t<\/div>\n\t\t\t\t\t<\/div>\n\t\t\t\t<\/div>\n\t\t\t\t<div class=\"elementor-element elementor-element-cb965b1 elementor-widget-tablet__width-initial elementor-widget-mobile__width-initial elementor-widget elementor-widget-image\" data-id=\"cb965b1\" data-element_type=\"widget\" data-widget_type=\"image.default\">\n\t\t\t\t<div class=\"elementor-widget-container\">\n\t\t\t\t\t\t\t\t\t\t\t\t\t<img decoding=\"async\" width=\"500\" height=\"555\" src=\"https:\/\/mnsolutions.co\/wp-content\/uploads\/2024\/02\/20200512_144724_ad-e1702943417684.jpg\" class=\"attachment-full size-full wp-image-4932\" alt=\"Mike profile photo\" srcset=\"https:\/\/mnsolutions.co\/wp-content\/uploads\/2024\/02\/20200512_144724_ad-e1702943417684.jpg 500w, https:\/\/mnsolutions.co\/wp-content\/uploads\/2024\/02\/20200512_144724_ad-e1702943417684-270x300.jpg 270w\" sizes=\"(max-width: 500px) 100vw, 500px\" \/>\t\t\t\t\t\t\t\t\t\t\t\t\t<\/div>\n\t\t\t\t<\/div>\n\t\t\t\t<\/div>\n\t\t<div class=\"elementor-element elementor-element-46f1b2f0 e-con-full e-flex e-con e-child\" data-id=\"46f1b2f0\" data-element_type=\"container\">\n\t\t<div class=\"elementor-element elementor-element-50e60bb e-con-full e-flex e-con e-child\" data-id=\"50e60bb\" data-element_type=\"container\">\n\t\t\t\t<div class=\"elementor-element elementor-element-309db46 elementor-widget__width-initial elementor-list-item-link-full_width elementor-widget elementor-widget-icon-list\" data-id=\"309db46\" data-element_type=\"widget\" data-widget_type=\"icon-list.default\">\n\t\t\t\t<div class=\"elementor-widget-container\">\n\t\t\t\t\t<ul class=\"elementor-icon-list-items\">\n\t\t\t\t\t\t\t<li class=\"elementor-icon-list-item\">\n\t\t\t\t\t\t\t\t\t\t\t<span class=\"elementor-icon-list-icon\">\n\t\t\t\t\t\t\t<i aria-hidden=\"true\" class=\"fas fa-walking\"><\/i>\t\t\t\t\t\t<\/span>\n\t\t\t\t\t\t\t\t\t\t<span class=\"elementor-icon-list-text\">Experi\u00eancia Ampla<\/span>\n\t\t\t\t\t\t\t\t\t<\/li>\n\t\t\t\t\t\t<\/ul>\n\t\t\t\t<\/div>\n\t\t\t\t<\/div>\n\t\t\t\t<div class=\"elementor-element elementor-element-37181ca elementor-widget__width-initial elementor-widget elementor-widget-text-editor\" data-id=\"37181ca\" data-element_type=\"widget\" data-widget_type=\"text-editor.default\">\n\t\t\t\t<div class=\"elementor-widget-container\">\n\t\t\t\t\t\t\t<p>Independentemente do tipo de projeto, tamanho, etapa ou localiza\u00e7\u00e3o, gostamos de ajudar os clientes a maximizar a seguran\u00e7a, funcionalidade e experi\u00eancia do usu\u00e1rio nos lugares pelos quais s\u00e3o respons\u00e1veis.\u00a0<\/p>\t\t\t\t\t\t<\/div>\n\t\t\t\t<\/div>\n\t\t\t\t<div class=\"elementor-element elementor-element-29a1b85 elementor-widget__width-initial elementor-list-item-link-full_width elementor-widget elementor-widget-icon-list\" data-id=\"29a1b85\" data-element_type=\"widget\" data-widget_type=\"icon-list.default\">\n\t\t\t\t<div class=\"elementor-widget-container\">\n\t\t\t\t\t<ul class=\"elementor-icon-list-items\">\n\t\t\t\t\t\t\t<li class=\"elementor-icon-list-item\">\n\t\t\t\t\t\t\t\t\t\t\t<span class=\"elementor-icon-list-icon\">\n\t\t\t\t\t\t\t<i aria-hidden=\"true\" class=\"fas fa-walking\"><\/i>\t\t\t\t\t\t<\/span>\n\t\t\t\t\t\t\t\t\t\t<span class=\"elementor-icon-list-text\">Servi\u00e7o de boutique<\/span>\n\t\t\t\t\t\t\t\t\t<\/li>\n\t\t\t\t\t\t<\/ul>\n\t\t\t\t<\/div>\n\t\t\t\t<\/div>\n\t\t\t\t<div class=\"elementor-element elementor-element-c5a8f5b elementor-widget__width-initial elementor-widget elementor-widget-text-editor\" data-id=\"c5a8f5b\" data-element_type=\"widget\" data-widget_type=\"text-editor.default\">\n\t\t\t\t<div class=\"elementor-widget-container\">\n\t\t\t\t\t\t\t<p>Como uma consultoria verdadeiramente independente, oferecemos um servi\u00e7o diferenciado, livre de despesas corporativas significativas, permitindo maior flexibilidade para atender aos requisitos espec\u00edficos do projeto.<\/p>\t\t\t\t\t\t<\/div>\n\t\t\t\t<\/div>\n\t\t\t\t<div class=\"elementor-element elementor-element-0942ffe elementor-widget__width-initial elementor-list-item-link-full_width elementor-widget elementor-widget-icon-list\" data-id=\"0942ffe\" data-element_type=\"widget\" data-widget_type=\"icon-list.default\">\n\t\t\t\t<div class=\"elementor-widget-container\">\n\t\t\t\t\t<ul class=\"elementor-icon-list-items\">\n\t\t\t\t\t\t\t<li class=\"elementor-icon-list-item\">\n\t\t\t\t\t\t\t\t\t\t\t<span class=\"elementor-icon-list-icon\">\n\t\t\t\t\t\t\t<i aria-hidden=\"true\" class=\"fas fa-walking\"><\/i>\t\t\t\t\t\t<\/span>\n\t\t\t\t\t\t\t\t\t\t<span class=\"elementor-icon-list-text\">An\u00e1lises completas e concisas<\/span>\n\t\t\t\t\t\t\t\t\t<\/li>\n\t\t\t\t\t\t<\/ul>\n\t\t\t\t<\/div>\n\t\t\t\t<\/div>\n\t\t\t\t<div class=\"elementor-element elementor-element-d2a1ae7 elementor-widget__width-initial elementor-widget elementor-widget-text-editor\" data-id=\"d2a1ae7\" data-element_type=\"widget\" data-widget_type=\"text-editor.default\">\n\t\t\t\t<div class=\"elementor-widget-container\">\n\t\t\t\t\t\t\t<p>Identificamos o que \u00e9 realmente importante para os clientes e os eventuais usu\u00e1rios, e fornecemos an\u00e1lises de projetos criteriosas, baseadas em dados, e projetadas para apoiar a tomada de decis\u00f5es, maximizar a sustentabilidade e o investimento e reduzir custos e retrabalho.<\/p>\t\t\t\t\t\t<\/div>\n\t\t\t\t<\/div>\n\t\t<div class=\"elementor-element elementor-element-ca7bf2f e-con-full e-flex e-con e-child\" data-id=\"ca7bf2f\" data-element_type=\"container\">\n\t\t\t\t<div class=\"elementor-element elementor-element-7c87e5b elementor-widget__width-initial elementor-widget elementor-widget-text-editor\" data-id=\"7c87e5b\" data-element_type=\"widget\" data-widget_type=\"text-editor.default\">\n\t\t\t\t<div class=\"elementor-widget-container\">\n\t\t\t\t\t\t\t<p style=\"text-align: right;\"><span style=\"color: #ffff00;\">Estamos sempre interessados em explorar oportunidades e discutir como podemos apoi\u00e1-lo ainda mais<\/span><\/p>\t\t\t\t\t\t<\/div>\n\t\t\t\t<\/div>\n\t\t\t\t<div class=\"elementor-element elementor-element-d9b5c8d elementor-widget elementor-widget-button\" data-id=\"d9b5c8d\" data-element_type=\"widget\" data-widget_type=\"button.default\">\n\t\t\t\t<div class=\"elementor-widget-container\">\n\t\t\t\t\t<div class=\"elementor-button-wrapper\">\n\t\t\t<a class=\"elementor-button elementor-button-link elementor-size-sm\" href=\"https:\/\/mnsolutions.co\/pt\/contact\/\" id=\"my-contact\">\n\t\t\t\t\t\t<span class=\"elementor-button-content-wrapper\">\n\t\t\t\t\t\t\t\t\t<span class=\"elementor-button-text\">Contato<\/span>\n\t\t\t\t\t<\/span>\n\t\t\t\t\t<\/a>\n\t\t<\/div>\n\t\t\t\t<\/div>\n\t\t\t\t<\/div>\n\t\t\t\t<\/div>\n\t\t\t\t<\/div>\n\t\t\t\t<div class=\"elementor-element elementor-element-d654035 elementor-widget elementor-widget-text-editor\" data-id=\"d654035\" data-element_type=\"widget\" data-widget_type=\"text-editor.default\">\n\t\t\t\t<div class=\"elementor-widget-container\">\n\t\t\t\t\t\t\t<p>Bem-vindo a <strong>MNSolutions<\/strong>, uma consultoria especializada em fluxo de multid\u00f5es e mobilidade. Nosso foco \u00e9 ajudar os clientes a entender melhor como as pessoas usam os lugares e espa\u00e7os que operam, possuem ou est\u00e3o planejando.<\/p><p>Sou <strong>Mike Nicholson<\/strong> e h\u00e1 mais de 30 anos colaboro com equipes multidisciplinares de arquitetos, engenheiros, operadores, organizadores de eventos, desenvolvedores, propriet\u00e1rios e autoridades em todo o mundo.<\/p><p>Minha experi\u00eancia inclui uma gama diversificada de projetos, desde o conceito ao projeto executivo, desde grandes projetos de mobilidade urbana como <strong>Linha 6 do Metr\u00f4 de S\u00e3o Paulo<\/strong> e nove dos <strong>est\u00e1dio da Copa do Mundo FIFA Brasil 2014<\/strong>, at\u00e9 projetos mais \u00edntimos e personalizados.<\/p><p><strong>MNSolutions<\/strong> oferece:<\/p>\t\t\t\t\t\t<\/div>\n\t\t\t\t<\/div>\n\t\t\t\t<\/div>\n\t\t\t\t\t<\/div>\n\t\t\t\t<\/div>\n\t\t\t\t\t<\/div>\n\t\t\t\t<\/section>\n\t\t\t\t<\/div>","protected":false},"excerpt":{"rendered":"<p>About MNSolutions About MNSolutions Wealth of Experience Irrespective of the project type, size, stage or location, we enjoy helping clients maximise the safety, functionality and user experience of the places and spaces they are responsible for.\u00a0 Boutique Service As a truly independent consultancy we provide best-in-class service, unencumbered by significant corporate overheads, allowing greater flexibility [&hellip;]<\/p>","protected":false},"author":1,"featured_media":0,"parent":0,"menu_order":2,"comment_status":"closed","ping_status":"closed","template":"","meta":{"site-sidebar-layout":"no-sidebar","site-content-layout":"page-builder","ast-site-content-layout":"full-width-container","site-content-style":"default","site-sidebar-style":"default","ast-global-header-display":"","ast-banner-title-visibility":"","ast-main-header-display":"","ast-hfb-above-header-display":"","ast-hfb-below-header-display":"","ast-hfb-mobile-header-display":"","site-post-title":"disabled","ast-breadcrumbs-content":"","ast-featured-img":"disabled","footer-sml-layout":"","theme-transparent-header-meta":"","adv-header-id-meta":"","stick-header-meta":"","header-above-stick-meta":"","header-main-stick-meta":"","header-below-stick-meta":"","astra-migrate-meta-layouts":"set","ast-page-background-enabled":"default","ast-page-background-meta":{"desktop":{"background-color":"","background-image":"","background-repeat":"repeat","background-position":"center center","background-size":"auto","background-attachment":"scroll","background-type":"","background-media":"","overlay-type":"","overlay-color":"","overlay-gradient":""},"tablet":{"background-color":"","background-image":"","background-repeat":"repeat","background-position":"center center","background-size":"auto","background-attachment":"scroll","background-type":"","background-media":"","overlay-type":"","overlay-color":"","overlay-gradient":""},"mobile":{"background-color":"","background-image":"","background-repeat":"repeat","background-position":"center center","background-size":"auto","background-attachment":"scroll","background-type":"","background-media":"","overlay-type":"","overlay-color":"","overlay-gradient":""}},"ast-content-background-meta":{"desktop":{"background-color":"var(--ast-global-color-5)","background-image":"","background-repeat":"repeat","background-position":"center center","background-size":"auto","background-attachment":"scroll","background-type":"","background-media":"","overlay-type":"","overlay-color":"","overlay-gradient":""},"tablet":{"background-color":"var(--ast-global-color-5)","background-image":"","background-repeat":"repeat","background-position":"center center","background-size":"auto","background-attachment":"scroll","background-type":"","background-media":"","overlay-type":"","overlay-color":"","overlay-gradient":""},"mobile":{"background-color":"var(--ast-global-color-5)","background-image":"","background-repeat":"repeat","background-position":"center center","background-size":"auto","background-attachment":"scroll","background-type":"","background-media":"","overlay-type":"","overlay-color":"","overlay-gradient":""}},"footnotes":""},"class_list":["post-2637","page","type-page","status-publish","hentry"],"_links":{"self":[{"href":"https:\/\/mnsolutions.co\/pt\/wp-json\/wp\/v2\/pages\/2637","targetHints":{"allow":["GET"]}}],"collection":[{"href":"https:\/\/mnsolutions.co\/pt\/wp-json\/wp\/v2\/pages"}],"about":[{"href":"https:\/\/mnsolutions.co\/pt\/wp-json\/wp\/v2\/types\/page"}],"author":[{"embeddable":true,"href":"https:\/\/mnsolutions.co\/pt\/wp-json\/wp\/v2\/users\/1"}],"replies":[{"embeddable":true,"href":"https:\/\/mnsolutions.co\/pt\/wp-json\/wp\/v2\/comments?post=2637"}],"version-history":[{"count":236,"href":"https:\/\/mnsolutions.co\/pt\/wp-json\/wp\/v2\/pages\/2637\/revisions"}],"predecessor-version":[{"id":5237,"href":"https:\/\/mnsolutions.co\/pt\/wp-json\/wp\/v2\/pages\/2637\/revisions\/5237"}],"wp:attachment":[{"href":"https:\/\/mnsolutions.co\/pt\/wp-json\/wp\/v2\/media?parent=2637"}],"curies":[{"name":"wp","href":"https:\/\/api.w.org\/{rel}","templated":true}]}}